{"id":2623,"date":"2025-04-09T10:02:19","date_gmt":"2025-04-09T15:02:19","guid":{"rendered":"https:\/\/dev.storeurbain.com\/?page_id=2623"},"modified":"2025-04-09T10:02:19","modified_gmt":"2025-04-09T15:02:19","slug":"gallerie-dimages","status":"publish","type":"page","link":"https:\/\/storeurbain.com\/fr\/gallerie-dimages\/","title":{"rendered":"Gallerie d'images"},"content":{"rendered":"","protected":false},"excerpt":{"rendered":"","protected":false},"author":3,"featured_media":0,"parent":0,"menu_order":0,"comment_status":"closed","ping_status":"closed","template":"","meta":{"_seopress_robots_primary_cat":"","_seopress_titles_title":"Gallerie d'images | Store Urbain","_seopress_titles_desc":"Chaque projet pr\u00e9sent\u00e9 sur cette page a \u00e9t\u00e9 command\u00e9, livr\u00e9 et install\u00e9 par notre \u00e9quipe sp\u00e9cialis\u00e9e de professionnels du design et d'experts en installation chez Store Urbain.","_seopress_robots_index":"","footnotes":""},"class_list":["post-2623","page","type-page","status-publish","hentry"],"acf":[],"_links":{"self":[{"href":"https:\/\/storeurbain.com\/fr\/wp-json\/wp\/v2\/pages\/2623","targetHints":{"allow":["GET"]}}],"collection":[{"href":"https:\/\/storeurbain.com\/fr\/wp-json\/wp\/v2\/pages"}],"about":[{"href":"https:\/\/storeurbain.com\/fr\/wp-json\/wp\/v2\/types\/page"}],"author":[{"embeddable":true,"href":"https:\/\/storeurbain.com\/fr\/wp-json\/wp\/v2\/users\/3"}],"replies":[{"embeddable":true,"href":"https:\/\/storeurbain.com\/fr\/wp-json\/wp\/v2\/comments?post=2623"}],"version-history":[{"count":1,"href":"https:\/\/storeurbain.com\/fr\/wp-json\/wp\/v2\/pages\/2623\/revisions"}],"predecessor-version":[{"id":2624,"href":"https:\/\/storeurbain.com\/fr\/wp-json\/wp\/v2\/pages\/2623\/revisions\/2624"}],"wp:attachment":[{"href":"https:\/\/storeurbain.com\/fr\/wp-json\/wp\/v2\/media?parent=2623"}],"curies":[{"name":"wp","href":"https:\/\/api.w.org\/{rel}","templated":true}]}}