{"id":2504,"date":"2024-05-22T17:43:16","date_gmt":"2024-05-22T22:43:16","guid":{"rendered":"https:\/\/dev.storeurbain.com\/?page_id=2504"},"modified":"2024-05-27T14:39:18","modified_gmt":"2024-05-27T19:39:18","slug":"privacy-policy","status":"publish","type":"page","link":"https:\/\/storeurbain.com\/fr\/privacy-policy\/","title":{"rendered":"Privacy Policy"},"content":{"rendered":"\n<div class=\"ct-section-inner-wrap\" style=\"margin-top: 60px\">\n    <h1 class=\"privacy-policy-h1\">Politique de confidentialit\u00e9<\/h1>\n    <p>\n        Date d'entr\u00e9e en vigueur: 21 mai 2024 <br \/>\n        Date de la derni\u00e8re mise \u00e0 jour: 21 mai 2024\n    <\/p>\n\n    <p class=\"privacy-policy-p\">\n        Cette politique de confidentialit\u00e9 d\u00e9crit les politiques de Magasin\n        Urbain, 1384, rue Notre-Dame Ouest, Montr\u00e9al, Qu\u00e9bec H3C 1K8, Canada,\n        courriel : info@storeurbain.com, t\u00e9l\u00e9phone : 514 846-8878 concernant la\n        collecte, l'utilisation et la divulgation de vos informations que nous\n        recueillons lorsque vous utilisez notre site Web (storeurbain.com)\n        (le \u00ab Service \u00bb). En acc\u00e9dant ou en utilisant le Service, vous consentez\n        \u00e0 la collecte, \u00e0 l'utilisation et \u00e0 la divulgation de vos informations\n        conform\u00e9ment \u00e0 la pr\u00e9sente politique de confidentialit\u00e9. Si vous n'y\n        consentez pas, veuillez ne pas acc\u00e9der au Service ou ne pas l'utiliser.\n    <\/p>\n\n    <p class=\"privacy-policy-p\">\n        Nous pouvons modifier cette politique de confidentialit\u00e9 \u00e0 tout moment\n        sans pr\u00e9avis et publierons la politique de confidentialit\u00e9 r\u00e9vis\u00e9e sur\n        le Service. La politique r\u00e9vis\u00e9e entrera en vigueur 180 jours apr\u00e8s sa\n        publication sur le Service et votre acc\u00e8s ou utilisation continue du\n        Service apr\u00e8s cette p\u00e9riode constituera votre acceptation de la\n        politique de confidentialit\u00e9 r\u00e9vis\u00e9e. Nous vous recommandons donc de\n        consulter r\u00e9guli\u00e8rement cette page.\n    <\/p>\n\n    <ol class=\"privacy-policy-ol\">\n        <li>\n            <h2 class=\"privacy-policy-h2\">Informations que nous recueillons<\/h2>\n\n            <p class=\"privacy-policy-p\">\n                Nous collecterons et traiterons les renseignements personnels\n                suivants \u00e0 votre sujet:\n            <\/p>\n            <ol class=\"privacy-policy-ol\">\n                <li>Nom<\/li>\n\n                <li>Courriel<\/li>\n\n                <li>T\u00e9l\u00e9phone mobile<\/li>\n            <\/ol>\n        <\/li>\n\n        <li>\n            <h2 class=\"privacy-policy-h2\">\n                Comment nous utilisons vos informations:\n            <\/h2>\n            <p class=\"privacy-policy-p\">\n                Nous utiliserons les informations que nous recueillons \u00e0 votre\n                sujet aux fins suivantes:\n            <\/p>\n            <ol class=\"privacy-policy-ol\">\n                <li>Marketing\/Promotionnel<\/li>\n\n                <li>Collecte de commentaires des clients<\/li>\n\n                <li>Assistance<\/li>\n\n                <li>Informations administratives<\/li>\n\n                <li>Publicit\u00e9 cibl\u00e9e<\/li>\n\n                <li>Gestion des commandes clients<\/li>\n\n                <li>Protection du site<\/li>\n\n                <li>R\u00e9solution des litiges<\/li>\n            <\/ol>\n            <p class=\"privacy-policy-p\">\n                Si nous voulons utiliser vos renseignements personnels \u00e0 toute\n                autre fin, nous vous demanderons votre consentement et\n                n'utiliserons vos renseignements qu'apr\u00e8s avoir re\u00e7u votre\n                consentement, puis uniquement aux fins pour lesquelles vous avez\n                consenti, \u00e0 moins que la loi ne nous oblige \u00e0 faire autrement.\n            <\/p>\n        <\/li>\n\n        <li>\n            <h2 class=\"privacy-policy-h2\">\n                Comment nous partageons vos informations :\n            <\/h2>\n\n            <p class=\"privacy-policy-p\">\n                Nous ne transmettrons pas vos renseignements personnels \u00e0 des\n                tiers sans votre consentement, sauf dans les circonstances\n                limit\u00e9es d\u00e9crites ci-dessous :\n            <\/p>\n            <ol class=\"privacy-policy-ol\">\n                <li>Services de publicit\u00e9<\/li>\n\n                <li>Agences de marketing<\/li>\n\n                <li>Analytique<\/li>\n\n                <li>Collecte et traitement des donn\u00e9es<\/li>\n            <\/ol>\n\n            <p class=\"privacy-policy-p\">\n                Nous exigeons desdits tiers qu'ils n'utilisent les\n                renseignements personnels que nous leur transf\u00e9rons qu'aux fins\n                pour lesquelles ils ont \u00e9t\u00e9 transf\u00e9r\u00e9s et qu'ils ne les\n                conservent pas plus longtemps que n\u00e9cessaire pour la r\u00e9alisation\n                desdites fins.\n            <\/p>\n            <p class=\"privacy-policy-p\">\n                Nous pouvons \u00e9galement divulguer vos renseignements personnels\n                dans les cas suivants : (1) Pour se conformer \u00e0 la loi, \u00e0 la\n                r\u00e9glementation, \u00e0 une ordonnance du tribunal ou \u00e0 toute autre\n                proc\u00e9dure juridique applicable. (2) Pour faire respecter vos\n                accords avec nous, y compris la pr\u00e9sente politique de\n                confidentialit\u00e9. (3) Pour r\u00e9pondre aux all\u00e9gations selon\n                lesquelles votre utilisation du Service viole les droits de\n                tiers. En cas de fusion ou d'acquisition du Service ou de notre\n                soci\u00e9t\u00e9 par une autre soci\u00e9t\u00e9, vos informations feront partie\n                des actifs transf\u00e9r\u00e9s au nouveau propri\u00e9taire.\n            <\/p>\n        <\/li>\n\n        <li>\n            <h2 class=\"privacy-policy-h2\">Conservation de vos informations<\/h2>\n            <p class=\"privacy-policy-p\">\n                Nous conserverons vos renseignements personnels pendant 90 jours\n                \u00e0 2 ans apr\u00e8s la fermeture de leur compte par les utilisateurs\n                ou aussi longtemps que n\u00e9cessaire pour remplir les fins pour\n                lesquelles ils ont \u00e9t\u00e9 collect\u00e9s, comme d\u00e9taill\u00e9 dans la\n                pr\u00e9sente politique de confidentialit\u00e9. Nous pouvons \u00eatre amen\u00e9s\n                \u00e0 conserver certains renseignements pendant des p\u00e9riodes plus\n                longues, telles que la tenue de registres \/ la production de\n                rapports conform\u00e9ment \u00e0 la loi applicable ou \u00e0 d'autres fins\n                l\u00e9gitimes telles que l'application des droits l\u00e9gaux, la\n                pr\u00e9vention de la fraude, etc. Les informations r\u00e9siduelles\n                anonymes et les informations agr\u00e9g\u00e9es, qui ne permettent pas de\n                vous identifier (directement ou indirectement), peuvent \u00eatre\n                stock\u00e9es ind\u00e9finiment.\n            <\/p>\n        <\/li>\n\n        <li>\n            <h2 class=\"privacy-policy-h2\">Vos droits:<\/h2>\n            <p class=\"privacy-policy-p\">\n                Selon la loi applicable, vous pouvez avoir le droit d'acc\u00e9der \u00e0\n                vos donn\u00e9es personnelles et de les rectifier ou de les effacer,\n                de recevoir une copie de vos donn\u00e9es personnelles, de\n                restreindre ou de vous opposer au traitement actif de vos\n                donn\u00e9es, de nous demander de partager (transf\u00e9rer) vos\n                informations personnelles \u00e0 une autre entit\u00e9, de retirer tout\n                consentement que vous nous avez donn\u00e9 pour traiter vos donn\u00e9es,\n                de d\u00e9poser une plainte aupr\u00e8s d'une autorit\u00e9 statutaire et tout\n                autre droit pouvant \u00eatre pertinent en vertu des lois\n                applicables. Pour exercer ces droits, vous pouvez nous \u00e9crire \u00e0\n                info@storeurbain.com. Nous r\u00e9pondrons \u00e0 votre demande\n                conform\u00e9ment \u00e0 la loi applicable.\n            <\/p>\n\n            <p class=\"privacy-policy-p\">\n                Veuillez noter que si vous ne nous autorisez pas \u00e0 collecter ou\n                \u00e0 traiter les renseignements personnels requis ou si vous\n                retirez votre consentement au traitement de ceux-ci aux fins\n                requises, vous pourriez ne pas \u00eatre en mesure d'acc\u00e9der aux\n                services ou de les utiliser pour lesquels vos renseignements\n                \u00e9taient demand\u00e9s.\n            <\/p>\n        <\/li>\n        <li>\n            <h2 class=\"privacy-policy-h2\">Cookies Etc.<\/h2>\n            <p class=\"privacy-policy-p\">\n                Pour en savoir plus sur la fa\u00e7on dont nous les utilisons et sur\n                vos choix concernant ces technologies de suivi, veuillez\n                consulter\n                <a href=\"https:\/\/storeurbain.com\/fr\/cookie-policy\/\"\n                    >notre politique relative aux cookies.<\/a\n                >\n            <\/p>\n        <\/li>\n\n        <li>\n            <h2 class=\"privacy-policy-h2\">S\u00e9curit\u00e9:<\/h2>\n            <p class=\"privacy-policy-p\">\n                La s\u00e9curit\u00e9 de vos informations est importante pour nous et nous\n                mettrons en \u0153uvre des mesures de s\u00e9curit\u00e9 raisonnables pour\n                pr\u00e9venir la perte, l'utilisation abusive ou la modification non\n                autoris\u00e9e de vos informations sous notre contr\u00f4le. Cependant,\n                compte tenu des risques inh\u00e9rents, nous ne pouvons garantir une\n                s\u00e9curit\u00e9 absolue et, par cons\u00e9quent, nous ne pouvons garantir la\n                s\u00e9curit\u00e9 des informations que vous nous transmettez et vous le\n                faites \u00e0 vos propres risques.\n            <\/p>\n        <\/li>\n\n        <li>\n            <h2 class=\"privacy-policy-h2\">\n                Responsable des griefs \/ D\u00e9l\u00e9gu\u00e9 \u00e0 la protection des donn\u00e9es:\n            <\/h2>\n            <p class=\"privacy-policy-p\">\n                Si vous avez des questions ou des pr\u00e9occupations concernant le\n                traitement de vos informations en notre possession, vous pouvez\n                envoyer un courriel \u00e0 notre responsable des griefs, Torey Dery,\n                \u00e0 l'adresse suivante : Torey Dery 111, rue Lebeau Montr\u00e9al, QC\n                H4N 1S9 Courriel : info@storeurbain.com Nous traiterons vos\n                pr\u00e9occupations conform\u00e9ment \u00e0 la loi applicable.\n            <\/p>\n        <\/li>\n    <\/ol>\n<\/div>\n","protected":false},"excerpt":{"rendered":"<p>Politique de confidentialit\u00e9 Date d'entr\u00e9e en vigueur: 21 mai 2024 Date de la derni\u00e8re mise \u00e0 jour: 21 mai 2024 Cette politique de confidentialit\u00e9 d\u00e9crit les politiques de Magasin Urbain, 1384, rue Notre-Dame Ouest, Montr\u00e9al, Qu\u00e9bec H3C 1K8, Canada, courriel : info@storeurbain.com, t\u00e9l\u00e9phone : 514 846-8878 concernant la collecte, l'utilisation et la divulgation de vos [&hellip;]<\/p>\n","protected":false},"author":7,"featured_media":0,"parent":0,"menu_order":0,"comment_status":"closed","ping_status":"closed","template":"","meta":{"_seopress_robots_primary_cat":"","_seopress_titles_title":"","_seopress_titles_desc":"","_seopress_robots_index":"","footnotes":""},"class_list":["post-2504","page","type-page","status-publish","hentry"],"acf":[],"_links":{"self":[{"href":"https:\/\/storeurbain.com\/fr\/wp-json\/wp\/v2\/pages\/2504","targetHints":{"allow":["GET"]}}],"collection":[{"href":"https:\/\/storeurbain.com\/fr\/wp-json\/wp\/v2\/pages"}],"about":[{"href":"https:\/\/storeurbain.com\/fr\/wp-json\/wp\/v2\/types\/page"}],"author":[{"embeddable":true,"href":"https:\/\/storeurbain.com\/fr\/wp-json\/wp\/v2\/users\/7"}],"replies":[{"embeddable":true,"href":"https:\/\/storeurbain.com\/fr\/wp-json\/wp\/v2\/comments?post=2504"}],"version-history":[{"count":4,"href":"https:\/\/storeurbain.com\/fr\/wp-json\/wp\/v2\/pages\/2504\/revisions"}],"predecessor-version":[{"id":2516,"href":"https:\/\/storeurbain.com\/fr\/wp-json\/wp\/v2\/pages\/2504\/revisions\/2516"}],"wp:attachment":[{"href":"https:\/\/storeurbain.com\/fr\/wp-json\/wp\/v2\/media?parent=2504"}],"curies":[{"name":"wp","href":"https:\/\/api.w.org\/{rel}","templated":true}]}}