{"id":2502,"date":"2024-05-22T17:43:38","date_gmt":"2024-05-22T22:43:38","guid":{"rendered":"https:\/\/dev.storeurbain.com\/?page_id=2502"},"modified":"2024-05-27T14:37:57","modified_gmt":"2024-05-27T19:37:57","slug":"cookie-policy","status":"publish","type":"page","link":"https:\/\/storeurbain.com\/fr\/cookie-policy\/","title":{"rendered":"Cookie Policy"},"content":{"rendered":"\n<style>\n    a.cky-banner-element {\n        padding: 8px 30px;\n        background: #f8f9fa;\n        color: #858a8f;\n        border: 1px solid #dee2e6;\n        box-sizing: border-box;\n        border-radius: 2px;\n        cursor: pointer;\n    }\n<\/style>\n<div class=\"ct-section-inner-wrap\" style=\"margin-top: 60px\">\n    <h1 class=\"cookie-policy-h1\">Politique en mati\u00e8re de cookies<\/h1>\n    <p>\n        Date d'entr\u00e9e en vigueur: 21 mai 2024 <br \/>\n        Date de la derni\u00e8re mise \u00e0 jour: 21 mai 2024\n    <\/p>\n\n    &nbsp;\n\n    <h5>Que sont les cookies?<\/h5>\n    <div class=\"cookie-policy-p\">\n        <p>\n            Cette politique en mati\u00e8re de cookies explique ce que sont les\n            cookies et comment nous les utilisons, les types de cookies que nous\n            employons (c'est-\u00e0-dire les informations que nous recueillons \u00e0\n            l'aide des cookies et comment ces informations sont utilis\u00e9es), et\n            comment g\u00e9rer les param\u00e8tres des cookies.\n        <\/p>\n        <p>\n            Les cookies sont de petits fichiers texte utilis\u00e9s pour stocker des\n            informations lors d\u2019une visite. Ils sont enregistr\u00e9s sur votre\n            appareil lorsque le site web est charg\u00e9 dans votre navigateur. Ces\n            cookies nous aident \u00e0 assurer le bon fonctionnement du site web, \u00e0\n            renforcer sa s\u00e9curit\u00e9, \u00e0 offrir une meilleure exp\u00e9rience\n            utilisateur, \u00e0 comprendre les performances du site web et \u00e0 analyser\n            ce qui fonctionne et ce qui doit \u00eatre am\u00e9lior\u00e9.\n        <\/p>\n    <\/div>\n\n    &nbsp;\n\n    <h5>Comment utilisons-nous les cookies?<\/h5>\n    <div class=\"cookie-policy-p\">\n        <p>\n            Comme la plupart des services en ligne, notre site web utilise des\n            cookies internes et externes \u00e0 plusieurs fins. Les cookies internes\n            sont principalement n\u00e9cessaires au bon fonctionnement du site et ne\n            collectent aucune de vos donn\u00e9es personnelles identifiables.\n        <\/p>\n        <p>\n            Les cookies externes utilis\u00e9s sur notre site web servent\n            principalement \u00e0 comprendre le fonctionnement du site, votre fa\u00e7on\n            d'interagir avec lui, \u00e0 garantir la s\u00e9curit\u00e9 de nos services, \u00e0 vous\n            proposer des publicit\u00e9s pertinentes et, dans l'ensemble, \u00e0 vous\n            offrir une exp\u00e9rience utilisateur am\u00e9lior\u00e9e et \u00e0 acc\u00e9l\u00e9rer vos\n            futures interactions avec notre site.\n        <\/p>\n    <\/div>\n\n    &nbsp;\n\n    <h5>Types de cookies que nous utilisons<\/h5>\n\n    <div class=\"cky-audit-table-element\"><\/div>\n\n    &nbsp;\n    <h5 style=\"margin-bottom: 20px\">G\u00e9rer les pr\u00e9f\u00e9rences de cookies<\/h5>\n\n    <a class=\"cky-banner-element\">Param\u00e8tres des cookies<\/a> <br \/>\n\n    <div>\n        <p>\n            Vous pouvez modifier vos pr\u00e9f\u00e9rences de cookies \u00e0 tout moment en\n            cliquant sur le bouton ci-dessus. Cela vous permettra de revoir la\n            banni\u00e8re de consentement aux cookies et de modifier vos pr\u00e9f\u00e9rences\n            ou de retirer votre consentement imm\u00e9diatement.\n        <\/p>\n        <p>\n            Outre cela, les navigateurs proposent diff\u00e9rentes m\u00e9thodes pour\n            bloquer et supprimer les cookies utilis\u00e9s par les sites web. Vous\n            pouvez modifier les param\u00e8tres de votre navigateur pour\n            bloquer\/supprimer les cookies. Vous trouverez ci-dessous des\n            instructions sur la gestion et la suppression des cookies pour les\n            navigateurs web les plus courants.\n        <\/p>\n        <p>\n            Chrome:\n            <a href=\"https:\/\/support.google.com\/accounts\/answer\/32050\" target=\"_blank\" rel=\"noopener\">https:\/\/support.google.com\/accounts\/answer\/32050<\/a\n            >\n        <\/p>\n        <p>\n            Safari:\n            <a href=\"https:\/\/support.apple.com\/en-in\/guide\/safari\/sfri11471\/mac\" target=\"_blank\" rel=\"noopener\">https:\/\/support.apple.com\/en-in\/guide\/safari\/sfri11471\/mac<\/a\n            >\n        <\/p>\n        <p>\n            Firefox:\n            <a href=\"https:\/\/support.mozilla.org\/en-US\/kb\/clear-cookies-and-site-data-firefox?redirectslug=delete-cookies-remove-info-websites-stored&redirectlocale=en-US\" target=\"_blank\" rel=\"noopener\">https:\/\/support.mozilla.org\/en-US\/kb\/clear-cookies-and-site-data-firefox?redirectslug=delete-cookies-remove-info-websites-stored&redirectlocale=en-US<\/a\n            >\n        <\/p>\n        <p>\n            Internet Explorer:\n            <a href=\"https:\/\/support.microsoft.com\/en-us\/topic\/how-to-delete-cookie-files-in-internet-explorer-bca9446f-d873-78de-77ba-d42645fa52fc\" target=\"_blank\" rel=\"noopener\">https:\/\/support.microsoft.com\/en-us\/topic\/how-to-delete-cookie-files-in-internet-explorer-bca9446f-d873-78de-77ba-d42645fa52fc<\/a\n            >\n        <\/p>\n        <p>\n            Si vous utilisez un autre navigateur web, veuillez consulter la\n            documentation officielle de celui-ci.\n        <\/p>\n    <\/div>\n<\/div>\n","protected":false},"excerpt":{"rendered":"<p>Politique en mati\u00e8re de cookies Date d'entr\u00e9e en vigueur: 21 mai 2024 Date de la derni\u00e8re mise \u00e0 jour: 21 mai 2024 &nbsp; Que sont les cookies? Cette politique en mati\u00e8re de cookies explique ce que sont les cookies et comment nous les utilisons, les types de cookies que nous employons (c'est-\u00e0-dire les informations que [&hellip;]<\/p>\n","protected":false},"author":7,"featured_media":0,"parent":0,"menu_order":0,"comment_status":"closed","ping_status":"closed","template":"","meta":{"_seopress_robots_primary_cat":"","_seopress_titles_title":"","_seopress_titles_desc":"","_seopress_robots_index":"","footnotes":""},"class_list":["post-2502","page","type-page","status-publish","hentry"],"acf":[],"_links":{"self":[{"href":"https:\/\/storeurbain.com\/fr\/wp-json\/wp\/v2\/pages\/2502","targetHints":{"allow":["GET"]}}],"collection":[{"href":"https:\/\/storeurbain.com\/fr\/wp-json\/wp\/v2\/pages"}],"about":[{"href":"https:\/\/storeurbain.com\/fr\/wp-json\/wp\/v2\/types\/page"}],"author":[{"embeddable":true,"href":"https:\/\/storeurbain.com\/fr\/wp-json\/wp\/v2\/users\/7"}],"replies":[{"embeddable":true,"href":"https:\/\/storeurbain.com\/fr\/wp-json\/wp\/v2\/comments?post=2502"}],"version-history":[{"count":4,"href":"https:\/\/storeurbain.com\/fr\/wp-json\/wp\/v2\/pages\/2502\/revisions"}],"predecessor-version":[{"id":2513,"href":"https:\/\/storeurbain.com\/fr\/wp-json\/wp\/v2\/pages\/2502\/revisions\/2513"}],"wp:attachment":[{"href":"https:\/\/storeurbain.com\/fr\/wp-json\/wp\/v2\/media?parent=2502"}],"curies":[{"name":"wp","href":"https:\/\/api.w.org\/{rel}","templated":true}]}}