{"id":2370,"date":"2021-10-17T13:50:31","date_gmt":"2021-10-17T18:50:31","guid":{"rendered":"https:\/\/dev.storeurbain.com\/roller-blinds-toronto\/"},"modified":"2025-02-13T15:46:43","modified_gmt":"2025-02-13T20:46:43","slug":"stores-rouleau-montreal","status":"publish","type":"page","link":"https:\/\/storeurbain.com\/fr\/stores-rouleau-montreal\/","title":{"rendered":"Stores \u00e0 rouleau \u00e0 Montr\u00e9al"},"content":{"rendered":"","protected":false},"excerpt":{"rendered":"","protected":false},"author":1,"featured_media":0,"parent":0,"menu_order":0,"comment_status":"closed","ping_status":"closed","template":"","meta":{"_seopress_robots_primary_cat":"","_seopress_titles_title":"Stores \u00e0 rouleau \u00e0 Montr\u00e9al | Store Urbain","_seopress_titles_desc":"Pour des stores \u00e0 rouleau de qualit\u00e9 sup\u00e9rieure dans le Grand Montr\u00e9al, Store Urbain est le seul nom que vous devez conna\u00eetre.","_seopress_robots_index":"","footnotes":""},"class_list":["post-2370","page","type-page","status-publish","hentry"],"acf":[],"_links":{"self":[{"href":"https:\/\/storeurbain.com\/fr\/wp-json\/wp\/v2\/pages\/2370","targetHints":{"allow":["GET"]}}],"collection":[{"href":"https:\/\/storeurbain.com\/fr\/wp-json\/wp\/v2\/pages"}],"about":[{"href":"https:\/\/storeurbain.com\/fr\/wp-json\/wp\/v2\/types\/page"}],"author":[{"embeddable":true,"href":"https:\/\/storeurbain.com\/fr\/wp-json\/wp\/v2\/users\/1"}],"replies":[{"embeddable":true,"href":"https:\/\/storeurbain.com\/fr\/wp-json\/wp\/v2\/comments?post=2370"}],"version-history":[{"count":3,"href":"https:\/\/storeurbain.com\/fr\/wp-json\/wp\/v2\/pages\/2370\/revisions"}],"predecessor-version":[{"id":2565,"href":"https:\/\/storeurbain.com\/fr\/wp-json\/wp\/v2\/pages\/2370\/revisions\/2565"}],"wp:attachment":[{"href":"https:\/\/storeurbain.com\/fr\/wp-json\/wp\/v2\/media?parent=2370"}],"curies":[{"name":"wp","href":"https:\/\/api.w.org\/{rel}","templated":true}]}}