{"id":2369,"date":"2022-10-11T22:06:13","date_gmt":"2022-10-12T03:06:13","guid":{"rendered":"https:\/\/dev.storeurbain.com\/ripplefold-curtains-canada\/"},"modified":"2025-01-29T14:02:24","modified_gmt":"2025-01-29T19:02:24","slug":"rideaux-ripplefold-montreal","status":"publish","type":"page","link":"https:\/\/storeurbain.com\/fr\/rideaux-ripplefold-montreal\/","title":{"rendered":"Rideaux ripplefold \u00e0 Montr\u00e9al"},"content":{"rendered":"","protected":false},"excerpt":{"rendered":"","protected":false},"author":1,"featured_media":0,"parent":0,"menu_order":0,"comment_status":"closed","ping_status":"closed","template":"","meta":{"_seopress_robots_primary_cat":"","_seopress_titles_title":"Rideaux Ripplefold au Qu\u00e9bec | Store Urbain","_seopress_titles_desc":"Pour un look \u00e9l\u00e9gant et moderne, pensez aux rideaux \u00e0 plis ondul\u00e9s Ripplefold de Store Urbain \u00e0 Montr\u00e9al","_seopress_robots_index":"","footnotes":""},"class_list":["post-2369","page","type-page","status-publish","hentry"],"acf":[],"_links":{"self":[{"href":"https:\/\/storeurbain.com\/fr\/wp-json\/wp\/v2\/pages\/2369","targetHints":{"allow":["GET"]}}],"collection":[{"href":"https:\/\/storeurbain.com\/fr\/wp-json\/wp\/v2\/pages"}],"about":[{"href":"https:\/\/storeurbain.com\/fr\/wp-json\/wp\/v2\/types\/page"}],"author":[{"embeddable":true,"href":"https:\/\/storeurbain.com\/fr\/wp-json\/wp\/v2\/users\/1"}],"replies":[{"embeddable":true,"href":"https:\/\/storeurbain.com\/fr\/wp-json\/wp\/v2\/comments?post=2369"}],"version-history":[{"count":2,"href":"https:\/\/storeurbain.com\/fr\/wp-json\/wp\/v2\/pages\/2369\/revisions"}],"predecessor-version":[{"id":2561,"href":"https:\/\/storeurbain.com\/fr\/wp-json\/wp\/v2\/pages\/2369\/revisions\/2561"}],"wp:attachment":[{"href":"https:\/\/storeurbain.com\/fr\/wp-json\/wp\/v2\/media?parent=2369"}],"curies":[{"name":"wp","href":"https:\/\/api.w.org\/{rel}","templated":true}]}}