{"id":2368,"date":"2021-10-09T03:31:27","date_gmt":"2021-10-09T08:31:27","guid":{"rendered":"https:\/\/dev.storeurbain.com\/motorized-blinds-toronto\/"},"modified":"2025-02-13T15:51:04","modified_gmt":"2025-02-13T20:51:04","slug":"stores-motorises-mont-tremblant","status":"publish","type":"page","link":"https:\/\/storeurbain.com\/fr\/stores-motorises-mont-tremblant\/","title":{"rendered":"Stores Motoris\u00e9s \u2013 Mont Tremblant"},"content":{"rendered":"","protected":false},"excerpt":{"rendered":"","protected":false},"author":1,"featured_media":0,"parent":0,"menu_order":0,"comment_status":"closed","ping_status":"closed","template":"","meta":{"_seopress_robots_primary_cat":"","_seopress_titles_title":"Stores Motoris\u00e9s \u2013 Mont Tremblant | Store Urbain","_seopress_titles_desc":"Store Urbain est le premier revendeur de stores motoris\u00e9s et d'autres traitements de fen\u00eatres \u00e0 Mont-Tremblant. Contactez-nous pour une consultation gratuite !","_seopress_robots_index":"","footnotes":""},"class_list":["post-2368","page","type-page","status-publish","hentry"],"acf":[],"_links":{"self":[{"href":"https:\/\/storeurbain.com\/fr\/wp-json\/wp\/v2\/pages\/2368","targetHints":{"allow":["GET"]}}],"collection":[{"href":"https:\/\/storeurbain.com\/fr\/wp-json\/wp\/v2\/pages"}],"about":[{"href":"https:\/\/storeurbain.com\/fr\/wp-json\/wp\/v2\/types\/page"}],"author":[{"embeddable":true,"href":"https:\/\/storeurbain.com\/fr\/wp-json\/wp\/v2\/users\/1"}],"replies":[{"embeddable":true,"href":"https:\/\/storeurbain.com\/fr\/wp-json\/wp\/v2\/comments?post=2368"}],"version-history":[{"count":3,"href":"https:\/\/storeurbain.com\/fr\/wp-json\/wp\/v2\/pages\/2368\/revisions"}],"predecessor-version":[{"id":2586,"href":"https:\/\/storeurbain.com\/fr\/wp-json\/wp\/v2\/pages\/2368\/revisions\/2586"}],"wp:attachment":[{"href":"https:\/\/storeurbain.com\/fr\/wp-json\/wp\/v2\/media?parent=2368"}],"curies":[{"name":"wp","href":"https:\/\/api.w.org\/{rel}","templated":true}]}}