{"id":2367,"date":"2022-09-29T16:55:53","date_gmt":"2022-09-29T21:55:53","guid":{"rendered":"https:\/\/dev.storeurbain.com\/roman-shades-canada\/"},"modified":"2025-02-13T15:51:39","modified_gmt":"2025-02-13T20:51:39","slug":"stores-romains-quebec-montreal","status":"publish","type":"page","link":"https:\/\/storeurbain.com\/fr\/stores-romains-quebec-montreal\/","title":{"rendered":"Stores Romains Grand-Montr\u00e9al"},"content":{"rendered":"","protected":false},"excerpt":{"rendered":"","protected":false},"author":1,"featured_media":0,"parent":0,"menu_order":0,"comment_status":"closed","ping_status":"closed","template":"","meta":{"_seopress_robots_primary_cat":"","_seopress_titles_title":"Stores Romains au Qu\u00e9bec | Store Urbain \u00e0 Montr\u00e9al","_seopress_titles_desc":"Les stores romains offrent une \u00e9l\u00e9gance classique dans le traitement de vos fen\u00eatres. Store Urbain est la destination de Montr\u00e9al  pour les couvre-fen\u00eatres.","_seopress_robots_index":"","footnotes":""},"class_list":["post-2367","page","type-page","status-publish","hentry"],"acf":[],"_links":{"self":[{"href":"https:\/\/storeurbain.com\/fr\/wp-json\/wp\/v2\/pages\/2367","targetHints":{"allow":["GET"]}}],"collection":[{"href":"https:\/\/storeurbain.com\/fr\/wp-json\/wp\/v2\/pages"}],"about":[{"href":"https:\/\/storeurbain.com\/fr\/wp-json\/wp\/v2\/types\/page"}],"author":[{"embeddable":true,"href":"https:\/\/storeurbain.com\/fr\/wp-json\/wp\/v2\/users\/1"}],"replies":[{"embeddable":true,"href":"https:\/\/storeurbain.com\/fr\/wp-json\/wp\/v2\/comments?post=2367"}],"version-history":[{"count":2,"href":"https:\/\/storeurbain.com\/fr\/wp-json\/wp\/v2\/pages\/2367\/revisions"}],"predecessor-version":[{"id":2568,"href":"https:\/\/storeurbain.com\/fr\/wp-json\/wp\/v2\/pages\/2367\/revisions\/2568"}],"wp:attachment":[{"href":"https:\/\/storeurbain.com\/fr\/wp-json\/wp\/v2\/media?parent=2367"}],"curies":[{"name":"wp","href":"https:\/\/api.w.org\/{rel}","templated":true}]}}