{"id":2366,"date":"2021-08-02T02:52:38","date_gmt":"2021-08-02T07:52:38","guid":{"rendered":"https:\/\/dev.storeurbain.com\/shades-screens\/"},"modified":"2025-02-13T16:52:02","modified_gmt":"2025-02-13T21:52:02","slug":"toiles-exterieurs-et-mousticaires","status":"publish","type":"page","link":"https:\/\/storeurbain.com\/fr\/toiles-exterieurs-et-mousticaires\/","title":{"rendered":"Toiles et moustiquaires"},"content":{"rendered":"","protected":false},"excerpt":{"rendered":"","protected":false},"author":1,"featured_media":0,"parent":0,"menu_order":0,"comment_status":"closed","ping_status":"closed","template":"","meta":{"_seopress_robots_primary_cat":"","_seopress_titles_title":"Toiles solaires d'ext\u00e9rieur et moustiquaires | Store Urbain","_seopress_titles_desc":"Avec la s\u00e9lection Store Urbain de stores ext\u00e9rieurs et de moustiquaires, vous pouvez cr\u00e9er un espace ext\u00e9rieur qui offrira \u00e0 vos proches la protection UV et l'ombre dont ils ont besoin.","_seopress_robots_index":"","footnotes":""},"class_list":["post-2366","page","type-page","status-publish","hentry"],"acf":[],"_links":{"self":[{"href":"https:\/\/storeurbain.com\/fr\/wp-json\/wp\/v2\/pages\/2366","targetHints":{"allow":["GET"]}}],"collection":[{"href":"https:\/\/storeurbain.com\/fr\/wp-json\/wp\/v2\/pages"}],"about":[{"href":"https:\/\/storeurbain.com\/fr\/wp-json\/wp\/v2\/types\/page"}],"author":[{"embeddable":true,"href":"https:\/\/storeurbain.com\/fr\/wp-json\/wp\/v2\/users\/1"}],"replies":[{"embeddable":true,"href":"https:\/\/storeurbain.com\/fr\/wp-json\/wp\/v2\/comments?post=2366"}],"version-history":[{"count":2,"href":"https:\/\/storeurbain.com\/fr\/wp-json\/wp\/v2\/pages\/2366\/revisions"}],"predecessor-version":[{"id":2576,"href":"https:\/\/storeurbain.com\/fr\/wp-json\/wp\/v2\/pages\/2366\/revisions\/2576"}],"wp:attachment":[{"href":"https:\/\/storeurbain.com\/fr\/wp-json\/wp\/v2\/media?parent=2366"}],"curies":[{"name":"wp","href":"https:\/\/api.w.org\/{rel}","templated":true}]}}