{"id":2365,"date":"2022-10-11T22:22:31","date_gmt":"2022-10-12T03:22:31","guid":{"rendered":"https:\/\/dev.storeurbain.com\/sheer-curtains-canada\/"},"modified":"2025-02-13T16:49:10","modified_gmt":"2025-02-13T21:49:10","slug":"voilages-montreal-quebec","status":"publish","type":"page","link":"https:\/\/storeurbain.com\/fr\/voilages-montreal-quebec\/","title":{"rendered":"Voilages"},"content":{"rendered":"","protected":false},"excerpt":{"rendered":"","protected":false},"author":1,"featured_media":0,"parent":0,"menu_order":0,"comment_status":"closed","ping_status":"closed","template":"","meta":{"_seopress_robots_primary_cat":"","_seopress_titles_title":"Rideaux et Voilages | Store Urbain","_seopress_titles_desc":"Vous recherchez un look l\u00e9ger et a\u00e9r\u00e9 pour votre maison ou votre entreprise ? Les voilages de Store Urbain sont la solution id\u00e9ale.","_seopress_robots_index":"","footnotes":""},"class_list":["post-2365","page","type-page","status-publish","hentry"],"acf":[],"_links":{"self":[{"href":"https:\/\/storeurbain.com\/fr\/wp-json\/wp\/v2\/pages\/2365","targetHints":{"allow":["GET"]}}],"collection":[{"href":"https:\/\/storeurbain.com\/fr\/wp-json\/wp\/v2\/pages"}],"about":[{"href":"https:\/\/storeurbain.com\/fr\/wp-json\/wp\/v2\/types\/page"}],"author":[{"embeddable":true,"href":"https:\/\/storeurbain.com\/fr\/wp-json\/wp\/v2\/users\/1"}],"replies":[{"embeddable":true,"href":"https:\/\/storeurbain.com\/fr\/wp-json\/wp\/v2\/comments?post=2365"}],"version-history":[{"count":2,"href":"https:\/\/storeurbain.com\/fr\/wp-json\/wp\/v2\/pages\/2365\/revisions"}],"predecessor-version":[{"id":2583,"href":"https:\/\/storeurbain.com\/fr\/wp-json\/wp\/v2\/pages\/2365\/revisions\/2583"}],"wp:attachment":[{"href":"https:\/\/storeurbain.com\/fr\/wp-json\/wp\/v2\/media?parent=2365"}],"curies":[{"name":"wp","href":"https:\/\/api.w.org\/{rel}","templated":true}]}}