{"id":2363,"date":"2022-10-11T23:00:16","date_gmt":"2022-10-12T04:00:16","guid":{"rendered":"https:\/\/dev.storeurbain.com\/wood-shutters-canada\/"},"modified":"2025-02-13T15:45:18","modified_gmt":"2025-02-13T20:45:18","slug":"persiennes-montreal","status":"publish","type":"page","link":"https:\/\/storeurbain.com\/fr\/persiennes-montreal\/","title":{"rendered":"Persiennes et stores en bois"},"content":{"rendered":"","protected":false},"excerpt":{"rendered":"","protected":false},"author":1,"featured_media":0,"parent":0,"menu_order":0,"comment_status":"closed","ping_status":"closed","template":"","meta":{"_seopress_robots_primary_cat":"","_seopress_titles_title":"Persiennes et stores en bois \u00e0 Montr\u00e9al | Store Urbain","_seopress_titles_desc":"Les persiennes et stores en bois personnalis\u00e9s de Store Urbain constituent un \u00e9l\u00e9ment de design polyvalent. Appelez-nous pour un rendez-vous,","_seopress_robots_index":"","footnotes":""},"class_list":["post-2363","page","type-page","status-publish","hentry"],"acf":[],"_links":{"self":[{"href":"https:\/\/storeurbain.com\/fr\/wp-json\/wp\/v2\/pages\/2363","targetHints":{"allow":["GET"]}}],"collection":[{"href":"https:\/\/storeurbain.com\/fr\/wp-json\/wp\/v2\/pages"}],"about":[{"href":"https:\/\/storeurbain.com\/fr\/wp-json\/wp\/v2\/types\/page"}],"author":[{"embeddable":true,"href":"https:\/\/storeurbain.com\/fr\/wp-json\/wp\/v2\/users\/1"}],"replies":[{"embeddable":true,"href":"https:\/\/storeurbain.com\/fr\/wp-json\/wp\/v2\/comments?post=2363"}],"version-history":[{"count":2,"href":"https:\/\/storeurbain.com\/fr\/wp-json\/wp\/v2\/pages\/2363\/revisions"}],"predecessor-version":[{"id":2589,"href":"https:\/\/storeurbain.com\/fr\/wp-json\/wp\/v2\/pages\/2363\/revisions\/2589"}],"wp:attachment":[{"href":"https:\/\/storeurbain.com\/fr\/wp-json\/wp\/v2\/media?parent=2363"}],"curies":[{"name":"wp","href":"https:\/\/api.w.org\/{rel}","templated":true}]}}