{"id":2362,"date":"2022-10-11T22:37:54","date_gmt":"2022-10-12T03:37:54","guid":{"rendered":"https:\/\/dev.storeurbain.com\/zebra-blinds-canada\/"},"modified":"2025-02-13T15:47:28","modified_gmt":"2025-02-13T20:47:28","slug":"stores-alternes-montreal","status":"publish","type":"page","link":"https:\/\/storeurbain.com\/fr\/stores-alternes-montreal\/","title":{"rendered":"Stores altern\u00e9s \u00e0 Montreal"},"content":{"rendered":"","protected":false},"excerpt":{"rendered":"","protected":false},"author":1,"featured_media":0,"parent":0,"menu_order":0,"comment_status":"closed","ping_status":"closed","template":"","meta":{"_seopress_robots_primary_cat":"","_seopress_titles_title":"Stores altern\u00e9s \u00e0 Montr\u00e9al | Store Urbain","_seopress_titles_desc":"Les stores altern\u00e9s sont une option moderne pour les traitements de fen\u00eatres. Store Urbain est le choix de Montr\u00e9al pour les stores zebr\u00e9s.","_seopress_robots_index":"","footnotes":""},"class_list":["post-2362","page","type-page","status-publish","hentry"],"acf":[],"_links":{"self":[{"href":"https:\/\/storeurbain.com\/fr\/wp-json\/wp\/v2\/pages\/2362","targetHints":{"allow":["GET"]}}],"collection":[{"href":"https:\/\/storeurbain.com\/fr\/wp-json\/wp\/v2\/pages"}],"about":[{"href":"https:\/\/storeurbain.com\/fr\/wp-json\/wp\/v2\/types\/page"}],"author":[{"embeddable":true,"href":"https:\/\/storeurbain.com\/fr\/wp-json\/wp\/v2\/users\/1"}],"replies":[{"embeddable":true,"href":"https:\/\/storeurbain.com\/fr\/wp-json\/wp\/v2\/comments?post=2362"}],"version-history":[{"count":2,"href":"https:\/\/storeurbain.com\/fr\/wp-json\/wp\/v2\/pages\/2362\/revisions"}],"predecessor-version":[{"id":2592,"href":"https:\/\/storeurbain.com\/fr\/wp-json\/wp\/v2\/pages\/2362\/revisions\/2592"}],"wp:attachment":[{"href":"https:\/\/storeurbain.com\/fr\/wp-json\/wp\/v2\/media?parent=2362"}],"curies":[{"name":"wp","href":"https:\/\/api.w.org\/{rel}","templated":true}]}}