{"id":2361,"date":"2022-09-29T21:35:03","date_gmt":"2022-09-30T02:35:03","guid":{"rendered":"https:\/\/dev.storeurbain.com\/zebra-shades-canada\/"},"modified":"2025-02-13T15:51:50","modified_gmt":"2025-02-13T20:51:50","slug":"toiles-alternes-montreal","status":"publish","type":"page","link":"https:\/\/storeurbain.com\/fr\/toiles-alternes-montreal\/","title":{"rendered":"Toiles altern\u00e9s \u00e0 Montr\u00e9al"},"content":{"rendered":"","protected":false},"excerpt":{"rendered":"","protected":false},"author":1,"featured_media":0,"parent":0,"menu_order":0,"comment_status":"closed","ping_status":"closed","template":"","meta":{"_seopress_robots_primary_cat":"","_seopress_titles_title":"Toiles altern\u00e9s et toiles zebr\u00e9s \u00e0 Montr\u00e9al | Store Urbain","_seopress_titles_desc":"Vous avez besoin d'une solution moderne pour vos stores personnalis\u00e9s ? Les stores altern\u00e9s de Store Urbain sont un excellent choix.","_seopress_robots_index":"","footnotes":""},"class_list":["post-2361","page","type-page","status-publish","hentry"],"acf":[],"_links":{"self":[{"href":"https:\/\/storeurbain.com\/fr\/wp-json\/wp\/v2\/pages\/2361","targetHints":{"allow":["GET"]}}],"collection":[{"href":"https:\/\/storeurbain.com\/fr\/wp-json\/wp\/v2\/pages"}],"about":[{"href":"https:\/\/storeurbain.com\/fr\/wp-json\/wp\/v2\/types\/page"}],"author":[{"embeddable":true,"href":"https:\/\/storeurbain.com\/fr\/wp-json\/wp\/v2\/users\/1"}],"replies":[{"embeddable":true,"href":"https:\/\/storeurbain.com\/fr\/wp-json\/wp\/v2\/comments?post=2361"}],"version-history":[{"count":2,"href":"https:\/\/storeurbain.com\/fr\/wp-json\/wp\/v2\/pages\/2361\/revisions"}],"predecessor-version":[{"id":2595,"href":"https:\/\/storeurbain.com\/fr\/wp-json\/wp\/v2\/pages\/2361\/revisions\/2595"}],"wp:attachment":[{"href":"https:\/\/storeurbain.com\/fr\/wp-json\/wp\/v2\/media?parent=2361"}],"curies":[{"name":"wp","href":"https:\/\/api.w.org\/{rel}","templated":true}]}}