{"id":2356,"date":"2022-10-11T22:50:02","date_gmt":"2022-10-12T03:50:02","guid":{"rendered":"https:\/\/dev.storeurbain.com\/honeycomb-blinds-canada\/"},"modified":"2024-10-28T12:48:11","modified_gmt":"2024-10-28T17:48:11","slug":"honeycomb-blinds-canada","status":"publish","type":"page","link":"https:\/\/storeurbain.com\/fr\/honeycomb-blinds-canada\/","title":{"rendered":"Stores Cellulaires"},"content":{"rendered":"","protected":false},"excerpt":{"rendered":"","protected":false},"author":1,"featured_media":0,"parent":0,"menu_order":0,"comment_status":"closed","ping_status":"closed","template":"","meta":{"_seopress_robots_primary_cat":"","_seopress_titles_title":"Stores cellulaires \u00e0 Mont\u00e9al | Store Urbain","_seopress_titles_desc":"Store Urbain offre des solutions de stores cellulaires sur mesure \u00e0 Montr\u00e9al. Obtenez un rev\u00eatement de fen\u00eatre \u00e9l\u00e9gant pour votre maison.","_seopress_robots_index":"","footnotes":""},"class_list":["post-2356","page","type-page","status-publish","hentry"],"acf":[],"_links":{"self":[{"href":"https:\/\/storeurbain.com\/fr\/wp-json\/wp\/v2\/pages\/2356","targetHints":{"allow":["GET"]}}],"collection":[{"href":"https:\/\/storeurbain.com\/fr\/wp-json\/wp\/v2\/pages"}],"about":[{"href":"https:\/\/storeurbain.com\/fr\/wp-json\/wp\/v2\/types\/page"}],"author":[{"embeddable":true,"href":"https:\/\/storeurbain.com\/fr\/wp-json\/wp\/v2\/users\/1"}],"replies":[{"embeddable":true,"href":"https:\/\/storeurbain.com\/fr\/wp-json\/wp\/v2\/comments?post=2356"}],"version-history":[{"count":3,"href":"https:\/\/storeurbain.com\/fr\/wp-json\/wp\/v2\/pages\/2356\/revisions"}],"predecessor-version":[{"id":2542,"href":"https:\/\/storeurbain.com\/fr\/wp-json\/wp\/v2\/pages\/2356\/revisions\/2542"}],"wp:attachment":[{"href":"https:\/\/storeurbain.com\/fr\/wp-json\/wp\/v2\/media?parent=2356"}],"curies":[{"name":"wp","href":"https:\/\/api.w.org\/{rel}","templated":true}]}}