{"id":2355,"date":"2021-11-12T14:42:29","date_gmt":"2021-11-12T19:42:29","guid":{"rendered":"https:\/\/dev.storeurbain.com\/gallery\/"},"modified":"2025-01-29T13:42:09","modified_gmt":"2025-01-29T18:42:09","slug":"gallerie","status":"publish","type":"page","link":"https:\/\/storeurbain.com\/fr\/gallerie\/","title":{"rendered":"Gallerie d'images"},"content":{"rendered":"","protected":false},"excerpt":{"rendered":"","protected":false},"author":1,"featured_media":0,"parent":0,"menu_order":0,"comment_status":"closed","ping_status":"closed","template":"","meta":{"_seopress_robots_primary_cat":"","_seopress_titles_title":"Gallerie d'images | Store Urbain","_seopress_titles_desc":"Chaque projet pr\u00e9sent\u00e9 sur cette page a \u00e9t\u00e9 command\u00e9, livr\u00e9 et install\u00e9 par notre \u00e9quipe sp\u00e9cialis\u00e9e de professionnels du design et d'experts en installation chez Store Urbain.","_seopress_robots_index":"","footnotes":""},"class_list":["post-2355","page","type-page","status-publish","hentry"],"acf":[],"_links":{"self":[{"href":"https:\/\/storeurbain.com\/fr\/wp-json\/wp\/v2\/pages\/2355","targetHints":{"allow":["GET"]}}],"collection":[{"href":"https:\/\/storeurbain.com\/fr\/wp-json\/wp\/v2\/pages"}],"about":[{"href":"https:\/\/storeurbain.com\/fr\/wp-json\/wp\/v2\/types\/page"}],"author":[{"embeddable":true,"href":"https:\/\/storeurbain.com\/fr\/wp-json\/wp\/v2\/users\/1"}],"replies":[{"embeddable":true,"href":"https:\/\/storeurbain.com\/fr\/wp-json\/wp\/v2\/comments?post=2355"}],"version-history":[{"count":1,"href":"https:\/\/storeurbain.com\/fr\/wp-json\/wp\/v2\/pages\/2355\/revisions"}],"predecessor-version":[{"id":2536,"href":"https:\/\/storeurbain.com\/fr\/wp-json\/wp\/v2\/pages\/2355\/revisions\/2536"}],"wp:attachment":[{"href":"https:\/\/storeurbain.com\/fr\/wp-json\/wp\/v2\/media?parent=2355"}],"curies":[{"name":"wp","href":"https:\/\/api.w.org\/{rel}","templated":true}]}}