{"id":2354,"date":"2022-09-27T22:04:51","date_gmt":"2022-09-28T03:04:51","guid":{"rendered":"https:\/\/dev.storeurbain.com\/dual-roller-shades-canada\/"},"modified":"2025-02-13T16:49:50","modified_gmt":"2025-02-13T21:49:50","slug":"toiles-solaires-doubles-montreal","status":"publish","type":"page","link":"https:\/\/storeurbain.com\/fr\/toiles-solaires-doubles-montreal\/","title":{"rendered":"Toiles solaires doubles \u00e0 Montr\u00e9al"},"content":{"rendered":"","protected":false},"excerpt":{"rendered":"","protected":false},"author":1,"featured_media":0,"parent":0,"menu_order":0,"comment_status":"closed","ping_status":"closed","template":"","meta":{"_seopress_robots_primary_cat":"","_seopress_titles_title":"Toiles Solaires Doubles \u00e0 Montr\u00e9al | Store Urbain","_seopress_titles_desc":"Pour un traitement de fen\u00eatre polyvalent qui permet \u00e0 la fois l'\u00e9clairage naturel et l'obscurit\u00e9, pensez aux toiles solaires doubles de Store Urbain.","_seopress_robots_index":"","footnotes":""},"class_list":["post-2354","page","type-page","status-publish","hentry"],"acf":[],"_links":{"self":[{"href":"https:\/\/storeurbain.com\/fr\/wp-json\/wp\/v2\/pages\/2354","targetHints":{"allow":["GET"]}}],"collection":[{"href":"https:\/\/storeurbain.com\/fr\/wp-json\/wp\/v2\/pages"}],"about":[{"href":"https:\/\/storeurbain.com\/fr\/wp-json\/wp\/v2\/types\/page"}],"author":[{"embeddable":true,"href":"https:\/\/storeurbain.com\/fr\/wp-json\/wp\/v2\/users\/1"}],"replies":[{"embeddable":true,"href":"https:\/\/storeurbain.com\/fr\/wp-json\/wp\/v2\/comments?post=2354"}],"version-history":[{"count":2,"href":"https:\/\/storeurbain.com\/fr\/wp-json\/wp\/v2\/pages\/2354\/revisions"}],"predecessor-version":[{"id":2535,"href":"https:\/\/storeurbain.com\/fr\/wp-json\/wp\/v2\/pages\/2354\/revisions\/2535"}],"wp:attachment":[{"href":"https:\/\/storeurbain.com\/fr\/wp-json\/wp\/v2\/media?parent=2354"}],"curies":[{"name":"wp","href":"https:\/\/api.w.org\/{rel}","templated":true}]}}