{"id":2353,"date":"2021-07-27T12:44:48","date_gmt":"2021-07-27T17:44:48","guid":{"rendered":"https:\/\/dev.storeurbain.com\/curtains\/"},"modified":"2025-01-29T14:01:26","modified_gmt":"2025-01-29T19:01:26","slug":"rideaux","status":"publish","type":"page","link":"https:\/\/storeurbain.com\/fr\/rideaux\/","title":{"rendered":"Rideaux"},"content":{"rendered":"","protected":false},"excerpt":{"rendered":"","protected":false},"author":1,"featured_media":0,"parent":0,"menu_order":0,"comment_status":"closed","ping_status":"closed","template":"","meta":{"_seopress_robots_primary_cat":"","_seopress_titles_title":"Rideaux, Draperies et Voilages sur mesure | Store Urbain","_seopress_titles_desc":"Store Urbain est le principal fournisseur de rideaux sur mesure \u00e0 Montr\u00e9al. \u00c9l\u00e9gants et polyvalents, recevez une consultation gratuite pour vos rideaux \u00e0 Montr\u00e9al.","_seopress_robots_index":"","footnotes":""},"class_list":["post-2353","page","type-page","status-publish","hentry"],"acf":[],"_links":{"self":[{"href":"https:\/\/storeurbain.com\/fr\/wp-json\/wp\/v2\/pages\/2353","targetHints":{"allow":["GET"]}}],"collection":[{"href":"https:\/\/storeurbain.com\/fr\/wp-json\/wp\/v2\/pages"}],"about":[{"href":"https:\/\/storeurbain.com\/fr\/wp-json\/wp\/v2\/types\/page"}],"author":[{"embeddable":true,"href":"https:\/\/storeurbain.com\/fr\/wp-json\/wp\/v2\/users\/1"}],"replies":[{"embeddable":true,"href":"https:\/\/storeurbain.com\/fr\/wp-json\/wp\/v2\/comments?post=2353"}],"version-history":[{"count":2,"href":"https:\/\/storeurbain.com\/fr\/wp-json\/wp\/v2\/pages\/2353\/revisions"}],"predecessor-version":[{"id":2529,"href":"https:\/\/storeurbain.com\/fr\/wp-json\/wp\/v2\/pages\/2353\/revisions\/2529"}],"wp:attachment":[{"href":"https:\/\/storeurbain.com\/fr\/wp-json\/wp\/v2\/media?parent=2353"}],"curies":[{"name":"wp","href":"https:\/\/api.w.org\/{rel}","templated":true}]}}