{"id":2352,"date":"2021-06-17T09:21:15","date_gmt":"2021-06-17T14:21:15","guid":{"rendered":"https:\/\/dev.storeurbain.com\/contact\/"},"modified":"2024-05-14T19:18:05","modified_gmt":"2024-05-15T00:18:05","slug":"contact","status":"publish","type":"page","link":"https:\/\/storeurbain.com\/fr\/contact\/","title":{"rendered":"Contact"},"content":{"rendered":"","protected":false},"excerpt":{"rendered":"","protected":false},"author":1,"featured_media":0,"parent":0,"menu_order":0,"comment_status":"closed","ping_status":"closed","template":"","meta":{"_seopress_robots_primary_cat":"","_seopress_titles_title":"","_seopress_titles_desc":"Store Urbain est le sp\u00e9cialiste en habillages de fen\u00eatre sur mesure \u00e0 Montr\u00e9al. Contactez-nous pour obtenir un devis gratuit et personnalis\u00e9.","_seopress_robots_index":"","footnotes":""},"class_list":["post-2352","page","type-page","status-publish","hentry"],"acf":[],"_links":{"self":[{"href":"https:\/\/storeurbain.com\/fr\/wp-json\/wp\/v2\/pages\/2352","targetHints":{"allow":["GET"]}}],"collection":[{"href":"https:\/\/storeurbain.com\/fr\/wp-json\/wp\/v2\/pages"}],"about":[{"href":"https:\/\/storeurbain.com\/fr\/wp-json\/wp\/v2\/types\/page"}],"author":[{"embeddable":true,"href":"https:\/\/storeurbain.com\/fr\/wp-json\/wp\/v2\/users\/1"}],"replies":[{"embeddable":true,"href":"https:\/\/storeurbain.com\/fr\/wp-json\/wp\/v2\/comments?post=2352"}],"version-history":[{"count":2,"href":"https:\/\/storeurbain.com\/fr\/wp-json\/wp\/v2\/pages\/2352\/revisions"}],"predecessor-version":[{"id":2411,"href":"https:\/\/storeurbain.com\/fr\/wp-json\/wp\/v2\/pages\/2352\/revisions\/2411"}],"wp:attachment":[{"href":"https:\/\/storeurbain.com\/fr\/wp-json\/wp\/v2\/media?parent=2352"}],"curies":[{"name":"wp","href":"https:\/\/api.w.org\/{rel}","templated":true}]}}