{"id":2351,"date":"2021-08-02T13:44:13","date_gmt":"2021-08-02T18:44:13","guid":{"rendered":"https:\/\/dev.storeurbain.com\/commercial\/"},"modified":"2024-07-24T15:18:37","modified_gmt":"2024-07-24T20:18:37","slug":"commercial","status":"publish","type":"page","link":"https:\/\/storeurbain.com\/fr\/commercial\/","title":{"rendered":"Commercial"},"content":{"rendered":"","protected":false},"excerpt":{"rendered":"","protected":false},"author":1,"featured_media":0,"parent":0,"menu_order":0,"comment_status":"closed","ping_status":"closed","template":"","meta":{"_seopress_robots_primary_cat":"","_seopress_titles_title":"Habillage de fen\u00eatre commercial \u00e0 Montr\u00e9al | Store Urbain","_seopress_titles_desc":"Store Urbain est le chef de file de Montr\u00e9al en mati\u00e8re de couvre-fen\u00eatres commerciaux, y compris les toiles \u00e0 rouleau, les rideaux et plus encore. Contactez-nous pour une consultation gratuite!","_seopress_robots_index":"","footnotes":""},"class_list":["post-2351","page","type-page","status-publish","hentry"],"acf":[],"_links":{"self":[{"href":"https:\/\/storeurbain.com\/fr\/wp-json\/wp\/v2\/pages\/2351","targetHints":{"allow":["GET"]}}],"collection":[{"href":"https:\/\/storeurbain.com\/fr\/wp-json\/wp\/v2\/pages"}],"about":[{"href":"https:\/\/storeurbain.com\/fr\/wp-json\/wp\/v2\/types\/page"}],"author":[{"embeddable":true,"href":"https:\/\/storeurbain.com\/fr\/wp-json\/wp\/v2\/users\/1"}],"replies":[{"embeddable":true,"href":"https:\/\/storeurbain.com\/fr\/wp-json\/wp\/v2\/comments?post=2351"}],"version-history":[{"count":2,"href":"https:\/\/storeurbain.com\/fr\/wp-json\/wp\/v2\/pages\/2351\/revisions"}],"predecessor-version":[{"id":2531,"href":"https:\/\/storeurbain.com\/fr\/wp-json\/wp\/v2\/pages\/2351\/revisions\/2531"}],"wp:attachment":[{"href":"https:\/\/storeurbain.com\/fr\/wp-json\/wp\/v2\/media?parent=2351"}],"curies":[{"name":"wp","href":"https:\/\/api.w.org\/{rel}","templated":true}]}}