{"id":2350,"date":"2022-09-27T21:46:37","date_gmt":"2022-09-28T02:46:37","guid":{"rendered":"https:\/\/dev.storeurbain.com\/cellular-shades-canada\/"},"modified":"2025-02-13T15:50:11","modified_gmt":"2025-02-13T20:50:11","slug":"stores-honeycomb-a-montreal","status":"publish","type":"page","link":"https:\/\/storeurbain.com\/fr\/stores-honeycomb-a-montreal\/","title":{"rendered":"Stores Honeycomb \u00e0 Montr\u00e9al"},"content":{"rendered":"","protected":false},"excerpt":{"rendered":"","protected":false},"author":1,"featured_media":0,"parent":0,"menu_order":0,"comment_status":"closed","ping_status":"closed","template":"","meta":{"_seopress_robots_primary_cat":"","_seopress_titles_title":"Stores cellulaires et alv\u00e9olaires \u00e0 Montr\u00e9al | Store Urbain","_seopress_titles_desc":"Pour des couvre-fen\u00eatres \u00e9l\u00e9gants et \u00e9conomes en \u00e9nergie, d\u00e9couvrez les stores cellulaires de Store Urbain.","_seopress_robots_index":"","footnotes":""},"class_list":["post-2350","page","type-page","status-publish","hentry"],"acf":[],"_links":{"self":[{"href":"https:\/\/storeurbain.com\/fr\/wp-json\/wp\/v2\/pages\/2350","targetHints":{"allow":["GET"]}}],"collection":[{"href":"https:\/\/storeurbain.com\/fr\/wp-json\/wp\/v2\/pages"}],"about":[{"href":"https:\/\/storeurbain.com\/fr\/wp-json\/wp\/v2\/types\/page"}],"author":[{"embeddable":true,"href":"https:\/\/storeurbain.com\/fr\/wp-json\/wp\/v2\/users\/1"}],"replies":[{"embeddable":true,"href":"https:\/\/storeurbain.com\/fr\/wp-json\/wp\/v2\/comments?post=2350"}],"version-history":[{"count":5,"href":"https:\/\/storeurbain.com\/fr\/wp-json\/wp\/v2\/pages\/2350\/revisions"}],"predecessor-version":[{"id":2617,"href":"https:\/\/storeurbain.com\/fr\/wp-json\/wp\/v2\/pages\/2350\/revisions\/2617"}],"wp:attachment":[{"href":"https:\/\/storeurbain.com\/fr\/wp-json\/wp\/v2\/media?parent=2350"}],"curies":[{"name":"wp","href":"https:\/\/api.w.org\/{rel}","templated":true}]}}