{"id":2342,"date":"2022-09-27T21:06:20","date_gmt":"2022-09-28T02:06:20","guid":{"rendered":"https:\/\/dev.storeurbain.com\/blackout-roller-shades-canada\/"},"modified":"2025-02-13T16:49:35","modified_gmt":"2025-02-13T21:49:35","slug":"rideaux-opaques-blackout","status":"publish","type":"page","link":"https:\/\/storeurbain.com\/fr\/rideaux-opaques-blackout\/","title":{"rendered":"Toiles solaires opaques \u00e0 Montr\u00e9al"},"content":{"rendered":"","protected":false},"excerpt":{"rendered":"","protected":false},"author":1,"featured_media":0,"parent":0,"menu_order":0,"comment_status":"closed","ping_status":"closed","template":"","meta":{"_seopress_robots_primary_cat":"","_seopress_titles_title":"Toiles solaires opaques \u00e0 Montr\u00e9al | Store Urbain","_seopress_titles_desc":"Les toiles solaires opaques emp\u00eachent la lumi\u00e8re ind\u00e9sirable de p\u00e9n\u00e9trer dans une pi\u00e8ce. D\u00e9couvrez comment ils fonctionnent !","_seopress_robots_index":"","footnotes":""},"class_list":["post-2342","page","type-page","status-publish","hentry"],"acf":[],"_links":{"self":[{"href":"https:\/\/storeurbain.com\/fr\/wp-json\/wp\/v2\/pages\/2342","targetHints":{"allow":["GET"]}}],"collection":[{"href":"https:\/\/storeurbain.com\/fr\/wp-json\/wp\/v2\/pages"}],"about":[{"href":"https:\/\/storeurbain.com\/fr\/wp-json\/wp\/v2\/types\/page"}],"author":[{"embeddable":true,"href":"https:\/\/storeurbain.com\/fr\/wp-json\/wp\/v2\/users\/1"}],"replies":[{"embeddable":true,"href":"https:\/\/storeurbain.com\/fr\/wp-json\/wp\/v2\/comments?post=2342"}],"version-history":[{"count":4,"href":"https:\/\/storeurbain.com\/fr\/wp-json\/wp\/v2\/pages\/2342\/revisions"}],"predecessor-version":[{"id":2618,"href":"https:\/\/storeurbain.com\/fr\/wp-json\/wp\/v2\/pages\/2342\/revisions\/2618"}],"wp:attachment":[{"href":"https:\/\/storeurbain.com\/fr\/wp-json\/wp\/v2\/media?parent=2342"}],"curies":[{"name":"wp","href":"https:\/\/api.w.org\/{rel}","templated":true}]}}