{"id":2341,"date":"2022-10-11T22:16:08","date_gmt":"2022-10-12T03:16:08","guid":{"rendered":"https:\/\/dev.storeurbain.com\/blackout-curtains-canada\/"},"modified":"2025-01-29T14:01:48","modified_gmt":"2025-01-29T19:01:48","slug":"rideaux-opaques-montreal","status":"publish","type":"page","link":"https:\/\/storeurbain.com\/fr\/rideaux-opaques-montreal\/","title":{"rendered":"Rideaux opaques Montr\u00e9al"},"content":{"rendered":"","protected":false},"excerpt":{"rendered":"","protected":false},"author":1,"featured_media":0,"parent":0,"menu_order":0,"comment_status":"closed","ping_status":"closed","template":"","meta":{"_seopress_robots_primary_cat":"","_seopress_titles_title":"Rideaux Opaques \u00e0 Montr\u00e9al | Store Urbain","_seopress_titles_desc":"Si vous recherchez l'obscurit\u00e9 totale, les rideau opaques et draperies de Store Urbain \u00e0 Montr\u00e9al sont une excellente option.","_seopress_robots_index":"","footnotes":""},"class_list":["post-2341","page","type-page","status-publish","hentry"],"acf":[],"_links":{"self":[{"href":"https:\/\/storeurbain.com\/fr\/wp-json\/wp\/v2\/pages\/2341","targetHints":{"allow":["GET"]}}],"collection":[{"href":"https:\/\/storeurbain.com\/fr\/wp-json\/wp\/v2\/pages"}],"about":[{"href":"https:\/\/storeurbain.com\/fr\/wp-json\/wp\/v2\/types\/page"}],"author":[{"embeddable":true,"href":"https:\/\/storeurbain.com\/fr\/wp-json\/wp\/v2\/users\/1"}],"replies":[{"embeddable":true,"href":"https:\/\/storeurbain.com\/fr\/wp-json\/wp\/v2\/comments?post=2341"}],"version-history":[{"count":5,"href":"https:\/\/storeurbain.com\/fr\/wp-json\/wp\/v2\/pages\/2341\/revisions"}],"predecessor-version":[{"id":2613,"href":"https:\/\/storeurbain.com\/fr\/wp-json\/wp\/v2\/pages\/2341\/revisions\/2613"}],"wp:attachment":[{"href":"https:\/\/storeurbain.com\/fr\/wp-json\/wp\/v2\/media?parent=2341"}],"curies":[{"name":"wp","href":"https:\/\/api.w.org\/{rel}","templated":true}]}}