{"id":2340,"date":"2021-08-02T03:19:37","date_gmt":"2021-08-02T08:19:37","guid":{"rendered":"https:\/\/dev.storeurbain.com\/awnings-pavilions\/"},"modified":"2025-01-29T13:41:40","modified_gmt":"2025-01-29T18:41:40","slug":"auxvents-pavillions","status":"publish","type":"page","link":"https:\/\/storeurbain.com\/fr\/auxvents-pavillions\/","title":{"rendered":"Auvents &#038; Pavilions"},"content":{"rendered":"","protected":false},"excerpt":{"rendered":"","protected":false},"author":1,"featured_media":0,"parent":0,"menu_order":0,"comment_status":"closed","ping_status":"closed","template":"","meta":{"_seopress_robots_primary_cat":"","_seopress_titles_title":"Pergolas, Pavillons & Auvents Motoris\u00e9s | Store Urbain","_seopress_titles_desc":"Store Urbain est le chef de file montr\u00e9alais en mati\u00e8re de pergolas, d'ombrages d'atrium et d'auvents motoris\u00e9s. Contactez-nous pour un devis gratuit !","_seopress_robots_index":"","footnotes":""},"class_list":["post-2340","page","type-page","status-publish","hentry"],"acf":[],"_links":{"self":[{"href":"https:\/\/storeurbain.com\/fr\/wp-json\/wp\/v2\/pages\/2340","targetHints":{"allow":["GET"]}}],"collection":[{"href":"https:\/\/storeurbain.com\/fr\/wp-json\/wp\/v2\/pages"}],"about":[{"href":"https:\/\/storeurbain.com\/fr\/wp-json\/wp\/v2\/types\/page"}],"author":[{"embeddable":true,"href":"https:\/\/storeurbain.com\/fr\/wp-json\/wp\/v2\/users\/1"}],"replies":[{"embeddable":true,"href":"https:\/\/storeurbain.com\/fr\/wp-json\/wp\/v2\/comments?post=2340"}],"version-history":[{"count":4,"href":"https:\/\/storeurbain.com\/fr\/wp-json\/wp\/v2\/pages\/2340\/revisions"}],"predecessor-version":[{"id":2612,"href":"https:\/\/storeurbain.com\/fr\/wp-json\/wp\/v2\/pages\/2340\/revisions\/2612"}],"wp:attachment":[{"href":"https:\/\/storeurbain.com\/fr\/wp-json\/wp\/v2\/media?parent=2340"}],"curies":[{"name":"wp","href":"https:\/\/api.w.org\/{rel}","templated":true}]}}