{"id":2339,"date":"2022-03-03T22:36:03","date_gmt":"2022-03-04T03:36:03","guid":{"rendered":"https:\/\/dev.storeurbain.com\/altex-partner\/"},"modified":"2025-01-29T13:40:05","modified_gmt":"2025-01-29T18:40:05","slug":"altex-partenaire","status":"publish","type":"page","link":"https:\/\/storeurbain.com\/fr\/altex-partenaire\/","title":{"rendered":"Altex Partenaire de Store Urbain"},"content":{"rendered":"","protected":false},"excerpt":{"rendered":"","protected":false},"author":1,"featured_media":0,"parent":0,"menu_order":0,"comment_status":"closed","ping_status":"closed","template":"","meta":{"_seopress_robots_primary_cat":"","_seopress_titles_title":"Altex habillages de fen\u00eatres | Store Urbain","_seopress_titles_desc":"Store Urbain est fier d'offrir les couvre-fen\u00eatres de marque Altex, fi\u00e8rement qu\u00e9b\u00e9coise et familiale. Contactez-nous pour une soumission gratuite !","_seopress_robots_index":"","footnotes":""},"class_list":["post-2339","page","type-page","status-publish","hentry"],"acf":[],"_links":{"self":[{"href":"https:\/\/storeurbain.com\/fr\/wp-json\/wp\/v2\/pages\/2339","targetHints":{"allow":["GET"]}}],"collection":[{"href":"https:\/\/storeurbain.com\/fr\/wp-json\/wp\/v2\/pages"}],"about":[{"href":"https:\/\/storeurbain.com\/fr\/wp-json\/wp\/v2\/types\/page"}],"author":[{"embeddable":true,"href":"https:\/\/storeurbain.com\/fr\/wp-json\/wp\/v2\/users\/1"}],"replies":[{"embeddable":true,"href":"https:\/\/storeurbain.com\/fr\/wp-json\/wp\/v2\/comments?post=2339"}],"version-history":[{"count":3,"href":"https:\/\/storeurbain.com\/fr\/wp-json\/wp\/v2\/pages\/2339\/revisions"}],"predecessor-version":[{"id":2610,"href":"https:\/\/storeurbain.com\/fr\/wp-json\/wp\/v2\/pages\/2339\/revisions\/2610"}],"wp:attachment":[{"href":"https:\/\/storeurbain.com\/fr\/wp-json\/wp\/v2\/media?parent=2339"}],"curies":[{"name":"wp","href":"https:\/\/api.w.org\/{rel}","templated":true}]}}